
{"id":3480,"date":"2025-09-03T09:01:32","date_gmt":"2025-09-03T07:01:32","guid":{"rendered":"https:\/\/instytutjezykowy.pl\/egzamin\/"},"modified":"2025-12-13T12:00:59","modified_gmt":"2025-12-13T11:00:59","slug":"egzamin","status":"publish","type":"page","link":"https:\/\/instytutjezykowy.pl\/en\/egzamin\/","title":{"rendered":"State Exam"},"content":{"rendered":"\n<section class=\"examiny-banner-links\">\n    <div class=\"container\">\n        <div class=\"examiny-grid\">\n            <div class=\"examiny-col examiny-col--text\">\n                                    <h1>State examination in Polish language<\/h1>\n                                                    <div class=\"examiny-desc\">\n                        Polish Linguistic Institute is authorised to organise state certification examinations in Polish as a foreign language at the B1, B2, C1 and C2 level in a group adapted to the needs of adults                    <\/div>\n                                                    <div class=\"examiny-links\">\n                                                    <a\n                                href=\"\/en\/egzamin\/b1\/\"\n                                target=\"_self\"\n                                class=\"button-primary small\"\n                            >\n                                B1                            <\/a>\n                                                    <a\n                                href=\"\/en\/egzamin\/b2\/\"\n                                target=\"_self\"\n                                class=\"button-primary small\"\n                            >\n                                B2                            <\/a>\n                                                    <a\n                                href=\"\/en\/egzamin\/c1\/\"\n                                target=\"_self\"\n                                class=\"button-primary small\"\n                            >\n                                C1                            <\/a>\n                                            <\/div>\n                            <\/div>\n\n            <div class=\"examiny-col examiny-col--image\">\n                                    <div class=\"examiny-image\">\n                        <picture>\n                            <!-- Mobile --> <source srcset=\"https:\/\/instytutjezykowy.pl\/wp-content\/uploads\/2025\/09\/83eed79c55cae3d1254ded3b8f43358b8c887143-1.png\" media=\"(max-width: 551px)\">\n                            <!-- Desktop --><source srcset=\"https:\/\/instytutjezykowy.pl\/wp-content\/uploads\/2025\/09\/83eed79c55cae3d1254ded3b8f43358b8c887143-1.png\" media=\"(min-width: 552px)\">\n                            <img\n                                src=\"https:\/\/instytutjezykowy.pl\/wp-content\/uploads\/2025\/09\/83eed79c55cae3d1254ded3b8f43358b8c887143-1.png\"\n                                alt=\"83eed79c55cae3d1254ded3b8f43358b8c887143\"\n                                width=\"300\"\n                                height=\"300\"\n                                fetchpriority=\"high\"\n                                decoding=\"async\"\n                            >\n                        <\/picture>\n                    <\/div>\n                            <\/div>\n\n        <\/div>\n    <\/div>\n<\/section>\n\n\n\n<section class=\"examiny-sessions\">\n    <div class=\"container\">\n                    <h2 class=\"\">EXAMINATION SESSION DATES IN 2026<\/h2>\n                <div class=\"exs-grid\">\n            <div class=\"exs-col--text\">\n                                    <div class=\"exs-text\">\n                        <p>State Commission for Certification of Proficiency in Polish as a Foreign Language [<em>Pa\u0144stwowa Komisja ds. Po\u015bwiadczania Znajomo\u015bci J\u0119zyka Polskiego jako Obcego<\/em>] announced the schedule of examination sessions in 2026.<\/p>\n<p>The examinations in Polish as a foreign language will take place on the following dates and for the following language levels:<\/p>\n<ul>\n<li>\n<p data-start=\"86\" data-end=\"258\">14\u201315 February 2026 (Saturday\u2013Sunday): levels B1 and B2 \u2014 in a group adapted to the needs of adults, and B1 and B2 \u2014 in a group adapted to the needs of children and youth;<\/p>\n<\/li>\n<li>\n<p data-start=\"86\" data-end=\"258\">25\u201326 April 2026 (Saturday\u2013Sunday): levels B1, B2 and C1 \u2014 in a group adapted to the needs of adults;<\/p>\n<\/li>\n<li>\n<p data-start=\"86\" data-end=\"258\">27\u201328 June 2026 (Saturday\u2013Sunday): levels B1 and B2 \u2014 in a group adapted to the needs of adults;<\/p>\n<\/li>\n<li>\n<p data-start=\"86\" data-end=\"258\">17\u201318 October 2026 (Saturday\u2013Sunday): levels B1, C1 and C2 \u2014 in a group adapted to the needs of adults;<\/p>\n<\/li>\n<li>\n<p data-start=\"86\" data-end=\"258\">5\u20136 December 2026 (Saturday\u2013Sunday): level B1 \u2014 in a group adapted to the needs of adults, and B2 \u2014 in a group adapted to the needs of children and youth.<\/p>\n<\/li>\n<\/ul>\n<p>Polish Lingiustic Institute do not organise a group examination adapted to the needs of children and young people.<\/p>\n<p>Before starting to fill out the registration form, minors MUST attach a signed consent form from a parent\/guardian, as well as their own consent to participate in the exam (DOCUMENT TEMPLATES ARE BELOW ON THIS PAGE). Prepare them in advance.<\/p>\n<p>A list of all centres (eligible entities) is available <a href=\"https:\/\/www.gov.pl\/web\/edukacja-i-nauka\/lista-podmiotow-uprawnionych-do-organizowania-egzaminow-z-jezyka-polskiego-jako-obcego\" target=\"_blank\" rel=\"noopener\">on the BIP website of the Ministry of Science and Higher Education<\/a>.<\/p>\n<p>If you have any questions about the state certificate examination in Polish as a foreign language, please contact us by email: <a href=\"mailto:egzamin@instytutjezykowy.pl\">egzamin@instytutjezykowy.pl<\/a>\u00a0 (Monika Siembida, \u201ePolski Instytut J\u0119zykowy\u201d Examination Centre Coordinator).<\/p>\n                    <\/div>\n                            <\/div>\n            <div class=\"exs-col--cards\">\n                                    <div class=\"exs-card \">\n                                                    <div class=\"exs-level\">B1<\/div>\n                                                                            <div class=\"exs-cta\">\n                                <a href=\"\/en\/egzamin\/b1\/\"\n                                   target=\"_self\"\n                                   class=\"button-primary small exs-btn\">\n                                    Registration page                                <\/a>\n                            <\/div>\n                                            <\/div>\n                                    <div class=\"exs-card \">\n                                                    <div class=\"exs-level\">B2<\/div>\n                                                                            <div class=\"exs-cta\">\n                                <a href=\"\/en\/egzamin\/b2\/\"\n                                   target=\"_self\"\n                                   class=\"button-primary small exs-btn\">\n                                    Registration page                                <\/a>\n                            <\/div>\n                                            <\/div>\n                                    <div class=\"exs-card \">\n                                                    <div class=\"exs-level\">C1<\/div>\n                                                                            <div class=\"exs-cta\">\n                                <a href=\"\/en\/egzamin\/c1\/\"\n                                   target=\"_self\"\n                                   class=\"button-primary small exs-btn\">\n                                    Registration page                                <\/a>\n                            <\/div>\n                                            <\/div>\n                            <\/div>\n        <\/div>\n\n    <\/div>\n<\/section>\n\n\n\n<section class=\"examiny-compare-table\">\n    <div class=\"container\">\n        <div class=\"ect-wrap\">\n            <div class=\"ect-grid\">\n                                    <div class=\"ect-col\">\n                        <div class=\"ect-head\">\n                            <div class=\"ect-label\">B1<\/div>\n                        <\/div>\n                        <div class=\"ect-body\">\n                            <p>Written part \u2014 190 minutes<\/p>\n<ul>\n<li>Listening comprehension (30 min.)<\/li>\n<li>Reading comprehension (40 min.)<\/li>\n<li>Grammar (45 min.)<\/li>\n<li>Writing (75 min.)<\/li>\n<\/ul>\n<p>Oral part \u2014 up to 15 minutes<br \/>\nPreparation time \u2014 5 minutes<\/p>\n                        <\/div>\n                    <\/div>\n                                    <div class=\"ect-col\">\n                        <div class=\"ect-head\">\n                            <div class=\"ect-label\">B2<\/div>\n                        <\/div>\n                        <div class=\"ect-body\">\n                            <p>Written part \u2014 250 minutes<\/p>\n<ul>\n<li>Listening comprehension (40 min.)<\/li>\n<li>Reading comprehension (60 min.)<\/li>\n<li>Grammar (60 min.)<\/li>\n<li>Writing (90 min.)<\/li>\n<\/ul>\n<p>Oral part \u2014 up to 15 minutes<br \/>\nPreparation time \u2014 5\u20137 minutes<\/p>\n                        <\/div>\n                    <\/div>\n                                    <div class=\"ect-col\">\n                        <div class=\"ect-head\">\n                            <div class=\"ect-label\">C1<\/div>\n                        <\/div>\n                        <div class=\"ect-body\">\n                            <p>Written part \u2014 250 minutes<\/p>\n<ul>\n<li>Listening comprehension (40 min.)<\/li>\n<li>Reading comprehension (60 min.)<\/li>\n<li>Grammar (60 min.)<\/li>\n<li>Writing (90 min.)<\/li>\n<\/ul>\n<p>Oral part \u2014 up to 20 minutes<br \/>\nPreparation time \u2014 5\u201310 minutes<\/p>\n                        <\/div>\n                    <\/div>\n                            <\/div>\n        <\/div>\n    <\/div>\n<\/section>\n\n\n\n<section class=\"examiny-required-documents examiny-required-documents--js\">\n   <div class=\"container\">\n      <div class=\"wrapper\">\n                        <h2>Identity documents required<\/h2>\n          \n                        <div class=\"erd-desc\">\n                  <p>Pursuant to \u00a73 point 2 of the Regulation of the Minister of Science and Higher Education of 26 February 2016 on examinations in Polish as a foreign language, we inform you that a person intending to take the exam at the Examination Centre of the MOBI Foundation \u2014 Polish Linguistic Institute is required to present a document confirming their identity before the exam<\/p>\n              <\/div>\n          \n                        <h3>The Examination Centre of the MOBI Foundation \u2014 Polish Linguistic Institute accepts, among others, the following types of identity documents:<\/h3>\n          \n                        <div class=\"erd-wysiwyg erd-wysiwyg--js\">\n                  <ul>\n<li>identity card,<\/li>\n<li>travel document,<\/li>\n<li>temporary residence permit (karta czasowego pobytu),<\/li>\n<li>permanent residence permit (karta sta\u0142ego pobytu),<\/li>\n<li>long-term EU resident card (karta pobytu rezydenta d\u0142ugoterminowego UE),<\/li>\n<li>Polish document certifying the identity of a foreigner,<\/li>\n<li>temporary identity card of a foreigner,<\/li>\n<li>travel document provided for in the Geneva Convention on the Status of Refugees,<\/li>\n<li>document confirming the existence of a permit for \u2018tolerated stay\u2019 (\u2018zgoda na pobyt tolerowany\u2019),<\/li>\n<li>diplomatic card,<\/li>\n<li>identity card,<\/li>\n<li>seaman\u2019s identity card.<\/li>\n<\/ul>\n<p>Attachments:<\/p>\n<p><a href=\"http:\/\/instytutjezykowy.pl\/wp-content\/uploads\/2025\/12\/zgoda-rodzica_opiekuna.pdf\" target=\"_blank\" rel=\"noopener\">Consent of the parent or guardian<\/a><br \/>\n<a href=\"http:\/\/instytutjezykowy.pl\/wp-content\/uploads\/2025\/12\/oswiadczenie-do-podpisania-przez-osobe-zdajaca-egzamin-1.pdf\" target=\"_blank\" rel=\"noopener\">Consent of a minor to participate in the examination<\/a><br \/>\n<a href=\"http:\/\/instytutjezykowy.pl\/wp-content\/uploads\/2025\/12\/WNIOSEK-dostosowanie-egzaminu.pdf\" target=\"_blank\" rel=\"noopener\">Application for adaptation of the exam due to a diagnosed disability\/dyslexia\/dysgraphia\/dysortography<\/a><\/p>\n              <\/div>\n                <\/div>\n   <\/div>\n<\/section>\n\n\n<section class=\"examiny-only-us js--animation\">\n    <div class=\"container\">\n                    <h2>Only with us:<\/h2>\n                            <div class=\"eou-grid\">\n                                    <div class=\"eou-card\" style=\"--i: 0\">\n                                                    <div class=\"eou-icon\">\n                                <img\n                                    src=\"https:\/\/instytutjezykowy.pl\/wp-content\/uploads\/2025\/09\/Icon-2.svg\"\n                                    alt=\"\"\n                                    loading=\"lazy\" decoding=\"async\">\n                            <\/div>\n                                                                            <div class=\"eou-text\">\n                                <p>exam preparation course<\/p>\n                            <\/div>\n                                            <\/div>\n                                    <div class=\"eou-card\" style=\"--i: 1\">\n                                                    <div class=\"eou-icon\">\n                                <img\n                                    src=\"https:\/\/instytutjezykowy.pl\/wp-content\/uploads\/2025\/09\/Icon-3.svg\"\n                                    alt=\"\"\n                                    loading=\"lazy\" decoding=\"async\">\n                            <\/div>\n                                                                            <div class=\"eou-text\">\n                                <p>a guarantee of reimbursement if you fail the exam if you have studied according to the programme of Polish Linguistic Institute<\/p>\n                            <\/div>\n                                            <\/div>\n                                    <div class=\"eou-card\" style=\"--i: 2\">\n                                                    <div class=\"eou-icon\">\n                                <img\n                                    src=\"https:\/\/instytutjezykowy.pl\/wp-content\/uploads\/2025\/09\/Icon-4.svg\"\n                                    alt=\"\"\n                                    loading=\"lazy\" decoding=\"async\">\n                            <\/div>\n                                                                            <div class=\"eou-text\">\n                                <p>webinar for all participants<\/p>\n                            <\/div>\n                                            <\/div>\n                            <\/div>\n            <\/div>\n<\/section>\n\n\n<section class=\"title-text-image\">\n    <div class=\"container\">\n        <div class=\"tti-grid\">\n            <div class=\"tti-col--text\">\n                                    <h2>Free webinar for exam participants<\/h2>\n                                                    <div class=\"tti-text\">\n                        <p>For individuals taking the certification exam at the Examination Centre of Polish Linguistic Institute, we offer webinars and preparatory courses that help candidates better prepare for the exam and get answers to questions regarding its procedure<\/p>\n                    <\/div>\n                            <\/div>\n            <div class=\"tti-col--image\">\n                                    <div class=\"tti-img--wrap\">\n                        <img\n                            src=\"https:\/\/instytutjezykowy.pl\/wp-content\/uploads\/2025\/09\/Container-2.png\"\n                            alt=\"\"\n                            loading=\"lazy\" decoding=\"async\"\n                        >\n                    <\/div>\n                            <\/div>\n        <\/div>\n    <\/div>\n<\/section>\n\n\n<section class=\"examiny-compare-matrix\">\n    <div class=\"container\">\n        <div class=\"ecm-scroll\">\n            <div class=\"ecm-table\">\n                <div class=\"ecm-table--wrepper\">\n                    <div class=\"ecm-heads\">\n                        <div class=\"ecm-head\"><\/div>\n                        <div class=\"ecm-head\">TELC POLISH LANGUAGE B1\u2013B2<\/div>\n                        <div class=\"ecm-head\">STATE CERTIFICATE EXAMINATION IN POLISH AS A FOREIGN LANGUAGE B1<\/div>\n                    <\/div>\n                    <div class=\"ecm-body\">\n                                                    <div class=\"ecm-block\">\n                                <div class=\"ecm-row ecm-label\">\n                                    ACKNOWLEDGMENT                                <\/div>\n                                <div class=\"ecm-row\"><ul>\n<li>proceedings for granting a long-term EU resident\u2019s residence permit<\/li>\n<li>recruitment for studies in Polish (only B2, not all universities)<\/li>\n<li>dual examination \u2014 the level on the B1 or B2 certificate depends on the examination results<\/li>\n<\/ul>\n<\/div>\n                                <div class=\"ecm-row\"><ul>\n<li>proceedings for granting a long-term EU resident\u2019s residence permit<\/li>\n<li>the exam level must be selected during registration<\/li>\n<\/ul>\n<\/div>\n                            <\/div>\n                                                    <div class=\"ecm-block\">\n                                <div class=\"ecm-row ecm-label\">\n                                    DATES OF ORGANISATION                                <\/div>\n                                <div class=\"ecm-row\"><ul>\n<li>monthly<\/li>\n<li>possibility of bespoke organisation<\/li>\n<\/ul>\n<\/div>\n                                <div class=\"ecm-row\"><ul>\n<li>4 times a year<\/li>\n<\/ul>\n<\/div>\n                            <\/div>\n                                                    <div class=\"ecm-block\">\n                                <div class=\"ecm-row ecm-label\">\n                                    DURATION                                <\/div>\n                                <div class=\"ecm-row\"><ul>\n<li>written part \u2014 115 minutes<\/li>\n<li>oral part \u2014 16 minutes (preparation time \u2014 20 minutes)<\/li>\n<li>the examination takes place on one day<\/li>\n<\/ul>\n<\/div>\n                                <div class=\"ecm-row\"><ul>\n<li>written part \u2014 190 minutes<\/li>\n<li>oral part \u2014 15 minutes (preparation time \u2014 5 minutes)<\/li>\n<li>the examination takes place over two days, but it is possible to complete the entire examination in one day<\/li>\n<\/ul>\n<\/div>\n                            <\/div>\n                                                    <div class=\"ecm-block\">\n                                <div class=\"ecm-row ecm-label\">\n                                    Passing the exam                                <\/div>\n                                <div class=\"ecm-row\"><ul>\n<li>at least 50% of the marks in the entire examination<\/li>\n<\/ul>\n<\/div>\n                                <div class=\"ecm-row\"><ul>\n<li>at least 50% marks in each part of the examination<\/li>\n<\/ul>\n<\/div>\n                            <\/div>\n                                                    <div class=\"ecm-block\">\n                                <div class=\"ecm-row ecm-label\">\n                                    Awaiting certification                                <\/div>\n                                <div class=\"ecm-row\"><ul>\n<li>approx. 6\u20138 weeks<\/li>\n<\/ul>\n<\/div>\n                                <div class=\"ecm-row\"><ul>\n<li>approx. 16\u201320 weeks<\/li>\n<\/ul>\n<\/div>\n                            <\/div>\n                                                    <div class=\"ecm-block\">\n                                <div class=\"ecm-row ecm-label\">\n                                    FEE WITH CERTIFICATE                                <\/div>\n                                <div class=\"ecm-row\"><ul>\n<li>1200 PLN<\/li>\n<\/ul>\n<\/div>\n                                <div class=\"ecm-row\"><ul>\n<li>170 EUR<\/li>\n<\/ul>\n<\/div>\n                            <\/div>\n                                            <\/div>\n                <\/div>\n            <\/div>\n        <\/div>\n    <\/div>\n<\/section>\n","protected":false},"excerpt":{"rendered":"","protected":false},"author":2,"featured_media":0,"parent":0,"menu_order":0,"comment_status":"closed","ping_status":"closed","template":"","meta":{"_acf_changed":false,"footnotes":""},"class_list":["post-3480","page","type-page","status-publish","hentry"],"acf":[],"aioseo_notices":[],"_links":{"self":[{"href":"https:\/\/instytutjezykowy.pl\/en\/wp-json\/wp\/v2\/pages\/3480","targetHints":{"allow":["GET"]}}],"collection":[{"href":"https:\/\/instytutjezykowy.pl\/en\/wp-json\/wp\/v2\/pages"}],"about":[{"href":"https:\/\/instytutjezykowy.pl\/en\/wp-json\/wp\/v2\/types\/page"}],"author":[{"embeddable":true,"href":"https:\/\/instytutjezykowy.pl\/en\/wp-json\/wp\/v2\/users\/2"}],"replies":[{"embeddable":true,"href":"https:\/\/instytutjezykowy.pl\/en\/wp-json\/wp\/v2\/comments?post=3480"}],"version-history":[{"count":22,"href":"https:\/\/instytutjezykowy.pl\/en\/wp-json\/wp\/v2\/pages\/3480\/revisions"}],"predecessor-version":[{"id":8897,"href":"https:\/\/instytutjezykowy.pl\/en\/wp-json\/wp\/v2\/pages\/3480\/revisions\/8897"}],"wp:attachment":[{"href":"https:\/\/instytutjezykowy.pl\/en\/wp-json\/wp\/v2\/media?parent=3480"}],"curies":[{"name":"wp","href":"https:\/\/api.w.org\/{rel}","templated":true}]}}