
{"id":2494,"date":"2025-08-21T14:49:14","date_gmt":"2025-08-21T12:49:14","guid":{"rendered":"https:\/\/instytutjezykowy.pl\/kontakt\/"},"modified":"2026-03-04T13:35:54","modified_gmt":"2026-03-04T12:35:54","slug":"kontakt","status":"publish","type":"page","link":"https:\/\/instytutjezykowy.pl\/en\/kontakt\/","title":{"rendered":"Contact Form"},"content":{"rendered":"\n    <section class=\"banner-text-image\">\n        <div class=\"container\">\n            <div class=\"bti-row\">\n\n                                <div class=\"bti-col bti-col--content\">\n                                            <h1>Contact<\/h1>\n                    \n                                            <ul class=\"bti-list\">\n                                                            <li class=\"bti-item\">\n                                                                            <span class=\"bti-item__icon\">\n                                            <img decoding=\"async\" src=\"https:\/\/instytutjezykowy.pl\/wp-content\/uploads\/2025\/08\/\u0421ontact-icon-3.svg\"\n                                            alt=\"icon\"\n                                            class=\"bti-item__icon-img\"\n                                        \/>\n                                    <\/span>\n                                    \n                                    <div class=\"bti-item__body\">\n                                                                                                                                    <a href=\"https:\/\/maps.app.goo.gl\/E2yNyQSYgXF6qqJZ9\"\n                                                   class=\"bti-item__link bti-item__address\"\n                                                   target=\"_self\"\n                                                   rel=\"noopener noreferrer\"\n                                                >\n                                                    Mazowiecka str. 12\/24, 00-048 Warsaw                                                <\/a>\n                                                                                                                        <\/div>\n                                <\/li>\n                                                            <li class=\"bti-item\">\n                                                                            <span class=\"bti-item__icon\">\n                                            <img decoding=\"async\" src=\"https:\/\/instytutjezykowy.pl\/wp-content\/uploads\/2025\/08\/\u0421ontact-icon-1.svg\"\n                                            alt=\"icon\"\n                                            class=\"bti-item__icon-img\"\n                                        \/>\n                                    <\/span>\n                                    \n                                    <div class=\"bti-item__body\">\n                                                                                    <a href=\"tel:+48224037872\" target=\"_self\">+48 22 403 78 72<\/a> \/ <a href=\"tel:+48517459418\" target=\"_self\">+48 517 459 418<\/a>                                                                            <\/div>\n                                <\/li>\n                                                            <li class=\"bti-item\">\n                                                                            <span class=\"bti-item__icon\">\n                                            <img decoding=\"async\" src=\"https:\/\/instytutjezykowy.pl\/wp-content\/uploads\/2025\/08\/Vector.svg\"\n                                            alt=\"icon\"\n                                            class=\"bti-item__icon-img\"\n                                        \/>\n                                    <\/span>\n                                    \n                                    <div class=\"bti-item__body\">\n                                                                                    <a class=\"bti-item__link\"\n                                               href=\"mailto:kontakt@instytutjezykowy.pl\"\n                                               target=\"_self\">\n                                                kontakt@instytutjezykowy.pl                                            <\/a>\n                                                                            <\/div>\n                                <\/li>\n                                                            <li class=\"bti-item\">\n                                                                            <span class=\"bti-item__icon\">\n                                            <img decoding=\"async\" src=\"https:\/\/instytutjezykowy.pl\/wp-content\/uploads\/2025\/08\/\u0421ontact-icon.svg\"\n                                            alt=\"icon\"\n                                            class=\"bti-item__icon-img\"\n                                        \/>\n                                    <\/span>\n                                    \n                                    <div class=\"bti-item__body\">\n                                                                                    <div class=\"bti-item__title\">Monday to Friday, 09:00\u201319:00<\/div>\n                                                                            <\/div>\n                                <\/li>\n                                                    <\/ul>\n                                    <\/div>\n\n                                    <div class=\"bti-col bti-col--image\">\n                                                    <picture>\n                                <!-- Mobile --> <source srcset=\"https:\/\/instytutjezykowy.pl\/wp-content\/uploads\/2025\/11\/DSC01719-768x512.jpg\" media=\"(max-width: 551px)\">\n                                <!-- Desktop --><source srcset=\"https:\/\/instytutjezykowy.pl\/wp-content\/uploads\/2025\/11\/DSC01719-scaled.jpg\" media=\"(min-width: 552px)\">\n                                <img\n                                        class=\"bti-image\"\n                                        src=\"https:\/\/instytutjezykowy.pl\/wp-content\/uploads\/2025\/11\/DSC01719-1024x683.jpg\"\n                                        alt=\"DSC01719.\"\n                                        width=\"2560\"\n                                        height=\"1707\"\n                                        fetchpriority=\"high\"\n                                        decoding=\"async\"\n                                >\n                            <\/picture>\n                                            <\/div>\n                \n            <\/div>\n        <\/div>\n    <\/section>\n\n\n\n\n    <section class=\"easy-access js--animation\">\n        <div class=\"container\">\n                            <h2>We are very easy to reach from any part of Warsaw:<\/h2>\n            \n                            <div class=\"ea-grid\">\n                                            <article class=\"ea-card\" style=\"--i: 0\">\n                                                            <div class=\"ea-card__icon\">\n                                    <img decoding=\"async\"\n                                            src=\"https:\/\/instytutjezykowy.pl\/wp-content\/uploads\/2025\/08\/Icon-18.svg\"\n                                            alt=\"\"\n                                            class=\"ea-card__icon-img\"\n                                    \/>\n                                <\/div>\n                            \n                            <div class=\"ea-card__content\">\n                                                                    <div class=\"ea-card__text\">\n                                        by any metro line (\u015awi\u0119tokrzyska station) or metro line 2 (Nowy \u015awiat-Uniwersytet station),                                    <\/div>\n                                                            <\/div>\n                        <\/article>\n                                            <article class=\"ea-card\" style=\"--i: 1\">\n                                                            <div class=\"ea-card__icon\">\n                                    <img decoding=\"async\"\n                                            src=\"https:\/\/instytutjezykowy.pl\/wp-content\/uploads\/2025\/08\/Icon-17.svg\"\n                                            alt=\"\"\n                                            class=\"ea-card__icon-img\"\n                                    \/>\n                                <\/div>\n                            \n                            <div class=\"ea-card__content\">\n                                                                    <div class=\"ea-card__text\">\n                                        by tram: 4, 15, 16, or 18 (Kr\u00f3lewska stop),                                    <\/div>\n                                                            <\/div>\n                        <\/article>\n                                            <article class=\"ea-card\" style=\"--i: 2\">\n                                                            <div class=\"ea-card__icon\">\n                                    <img decoding=\"async\"\n                                            src=\"https:\/\/instytutjezykowy.pl\/wp-content\/uploads\/2025\/08\/Icon-16.svg\"\n                                            alt=\"\"\n                                            class=\"ea-card__icon-img\"\n                                    \/>\n                                <\/div>\n                            \n                            <div class=\"ea-card__content\">\n                                                                    <ul class=\"ea-card__list\">\n                                                                                    <li>102, 105, 107, 174 i 178 stop: Zach\u0119ta,<\/li>\n                                                                                    <li>111, 116, 128, 175, 180, 222, 503, 518, E-2 stop: Uniwersytet,<\/li>\n                                                                                    <li>171, 520 stop: \u015awi\u0119tokrzyska.<\/li>\n                                                                            <\/ul>\n                                                            <\/div>\n                        <\/article>\n                                            <article class=\"ea-card\" style=\"--i: 3\">\n                                                            <div class=\"ea-card__icon\">\n                                    <img decoding=\"async\"\n                                            src=\"https:\/\/instytutjezykowy.pl\/wp-content\/uploads\/2025\/08\/Icon-15.svg\"\n                                            alt=\"\"\n                                            class=\"ea-card__icon-img\"\n                                    \/>\n                                <\/div>\n                            \n                            <div class=\"ea-card__content\">\n                                                                    <div class=\"ea-card__text\">\n                                        if you\u2019re traveling by car, it\u2019s best to park in the parking lot next to the Zach\u0119ta Gallery, only 200 meters from the school                                    <\/div>\n                                                            <\/div>\n                        <\/article>\n                                    <\/div>\n                    <\/div>\n    <\/section>\n\n\n\n<section class=\"contact-form\">\n\t<div class=\"container\">\n\t\t<h2 class=\"text-center\">WANT TO JOIN?<\/h2>\n\n\t\t<div class=\"form_box\">\n\t\t\t<h4>Fill out the short form and we\u2019ll contact you and guide you further!<\/h4>\n\t\t\t\n<div class=\"wpcf7 no-js\" id=\"wpcf7-f3081-o1\" lang=\"en-US\" dir=\"ltr\" data-wpcf7-id=\"3081\">\n<div class=\"screen-reader-response\"><p role=\"status\" aria-live=\"polite\" aria-atomic=\"true\"><\/p> <ul><\/ul><\/div>\n<form action=\"\/en\/wp-json\/wp\/v2\/pages\/2494#wpcf7-f3081-o1\" method=\"post\" class=\"wpcf7-form init\" aria-label=\"Contact form\" novalidate=\"novalidate\" data-status=\"init\">\n<fieldset class=\"hidden-fields-container\"><input type=\"hidden\" name=\"_wpcf7\" value=\"3081\" \/><input type=\"hidden\" name=\"_wpcf7_version\" value=\"6.1.5\" \/><input type=\"hidden\" name=\"_wpcf7_locale\" value=\"en_US\" \/><input type=\"hidden\" name=\"_wpcf7_unit_tag\" value=\"wpcf7-f3081-o1\" \/><input type=\"hidden\" name=\"_wpcf7_container_post\" value=\"0\" \/><input type=\"hidden\" name=\"_wpcf7_posted_data_hash\" value=\"\" \/><input type=\"hidden\" name=\"_wpcf7_recaptcha_response\" value=\"\" \/>\n<\/fieldset>\n<div class=\"field_box\">\n\t<p><span class=\"wpcf7-form-control-wrap\" data-name=\"first-name\"><input size=\"40\" maxlength=\"400\" class=\"wpcf7-form-control wpcf7-text wpcf7-validates-as-required js-input\" aria-required=\"true\" aria-invalid=\"false\" value=\"\" type=\"text\" name=\"first-name\" \/><\/span>\n\t<\/p>\n\t<legend>Name\n\t<\/legend>\n<\/div>\n<div class=\"field_box\">\n\t<p><span class=\"wpcf7-form-control-wrap\" data-name=\"last-name\"><input size=\"40\" maxlength=\"400\" class=\"wpcf7-form-control wpcf7-text wpcf7-validates-as-required js-input\" aria-required=\"true\" aria-invalid=\"false\" value=\"\" type=\"text\" name=\"last-name\" \/><\/span>\n\t<\/p>\n\t<legend>Surname\n\t<\/legend>\n<\/div>\n<div class=\"field_box\">\n\t<p><span class=\"wpcf7-form-control-wrap\" data-name=\"email-932\"><input size=\"40\" maxlength=\"400\" class=\"wpcf7-form-control wpcf7-email wpcf7-validates-as-required wpcf7-text wpcf7-validates-as-email js-input\" aria-required=\"true\" aria-invalid=\"false\" value=\"\" type=\"email\" name=\"email-932\" \/><\/span>\n\t<\/p>\n\t<legend>E-mail\n\t<\/legend>\n<\/div>\n<div class=\"field_box\">\n\t<p><span class=\"wpcf7-form-control-wrap\" data-name=\"cf7-phone-input\"><input size=\"40\" maxlength=\"400\" class=\"wpcf7-form-control wpcf7-tel wpcf7-validates-as-required wpcf7-text wpcf7-validates-as-tel\" aria-required=\"true\" aria-invalid=\"false\" value=\"\" type=\"tel\" name=\"cf7-phone-input\" \/><\/span>\n\t<\/p>\n<\/div>\n<div class=\"toggle_box\">\n\t<h4><br \/>\n<span>What exactly are you interested in?<\/span><br \/>\n<small>(multiple choice)<\/small>\n\t<\/h4>\n\t<div>\n\t\t<div class=\"checkbox\">\n\t\t\t<p><span class=\"wpcf7-form-control-wrap\" data-name=\"checkbox-547\"><span class=\"wpcf7-form-control wpcf7-checkbox\"><span class=\"wpcf7-list-item first\"><label><input type=\"checkbox\" name=\"checkbox-547[]\" value=\"Courses for beginners\" \/><span class=\"wpcf7-list-item-label\">Courses for beginners<\/span><\/label><\/span><span class=\"wpcf7-list-item\"><label><input type=\"checkbox\" name=\"checkbox-547[]\" value=\"&quot;Write in Polish&quot; course\" \/><span class=\"wpcf7-list-item-label\">&quot;Write in Polish&quot; course<\/span><\/label><\/span><span class=\"wpcf7-list-item\"><label><input type=\"checkbox\" name=\"checkbox-547[]\" value=\"Courses for advanced learners\" \/><span class=\"wpcf7-list-item-label\">Courses for advanced learners<\/span><\/label><\/span><span class=\"wpcf7-list-item\"><label><input type=\"checkbox\" name=\"checkbox-547[]\" value=\"Conversation course\" \/><span class=\"wpcf7-list-item-label\">Conversation course<\/span><\/label><\/span><span class=\"wpcf7-list-item\"><label><input type=\"checkbox\" name=\"checkbox-547[]\" value=\"Courses preparing for the state exam\" \/><span class=\"wpcf7-list-item-label\">Courses preparing for the state exam<\/span><\/label><\/span><span class=\"wpcf7-list-item\"><label><input type=\"checkbox\" name=\"checkbox-547[]\" value=\"Courses preparing for the TELC exam\" \/><span class=\"wpcf7-list-item-label\">Courses preparing for the TELC exam<\/span><\/label><\/span><span class=\"wpcf7-list-item\"><label><input type=\"checkbox\" name=\"checkbox-547[]\" value=\"Individual classes\" \/><span class=\"wpcf7-list-item-label\">Individual classes<\/span><\/label><\/span><span class=\"wpcf7-list-item last\"><label><input type=\"checkbox\" name=\"checkbox-547[]\" value=\"Others (text field)\" \/><span class=\"wpcf7-list-item-label\">Others (text field)<\/span><\/label><\/span><\/span><\/span>\n\t\t\t<\/p>\n\t\t<\/div>\n\t\t<div class=\"field_box\">\n\t\t\t<p><span class=\"wpcf7-form-control-wrap\" data-name=\"textarea-463\"><textarea cols=\"40\" rows=\"10\" maxlength=\"2000\" class=\"wpcf7-form-control wpcf7-textarea js-input\" aria-invalid=\"false\" name=\"textarea-463\"><\/textarea><\/span>\n\t\t\t<\/p>\n\t\t\t<legend>Text field\n\t\t\t<\/legend>\n\t\t<\/div>\n\t<\/div>\n<\/div>\n<div class=\"checkbox_row\">\n\t<p><span class=\"wpcf7-form-control-wrap\" data-name=\"checkbox-847\"><span class=\"wpcf7-form-control wpcf7-checkbox wpcf7-validates-as-required\"><span class=\"wpcf7-list-item first last\"><label><input type=\"checkbox\" name=\"checkbox-847[]\" value=\"I declare that I have read the Privacy Policy of the Website and accept its provisions.\" \/><span class=\"wpcf7-list-item-label\">I declare that I have read the Privacy Policy of the Website and accept its provisions.<\/span><\/label><\/span><\/span><\/span>\n\t<\/p>\n<\/div>\n<div class=\"checkbox_row\">\n\t<p><span class=\"wpcf7-form-control-wrap\" data-name=\"checkbox-127\"><span class=\"wpcf7-form-control wpcf7-checkbox wpcf7-validates-as-required\"><span class=\"wpcf7-list-item first last\"><label><input type=\"checkbox\" name=\"checkbox-127[]\" value=\"I consent to the processing of my personal data, including my name and surname, as well as my e-mail address and telephone number, in order to use and obtain a response to the message sent via the contact form in accordance with and in accordance with the principles set forth in the Privacy Policy\" \/><span class=\"wpcf7-list-item-label\">I consent to the processing of my personal data, including my name and surname, as well as my e-mail address and telephone number, in order to use and obtain a response to the message sent via the contact form in accordance with and in accordance with the principles set forth in the Privacy Policy<\/span><\/label><\/span><\/span><\/span>\n\t<\/p>\n<\/div>\n<div class=\"submit_box\">\n\t<p><input class=\"wpcf7-form-control wpcf7-submit has-spinner button-primary small\" type=\"submit\" value=\"Send\" \/>\n\t<\/p>\n<\/div><div class=\"wpcf7-response-output\" aria-hidden=\"true\"><\/div>\n<\/form>\n<\/div>\n\t\t<\/div>\n\t<\/div>\n<\/section>","protected":false},"excerpt":{"rendered":"","protected":false},"author":2,"featured_media":0,"parent":0,"menu_order":0,"comment_status":"closed","ping_status":"closed","template":"","meta":{"_acf_changed":false,"footnotes":""},"class_list":["post-2494","page","type-page","status-publish","hentry"],"acf":[],"aioseo_notices":[],"_links":{"self":[{"href":"https:\/\/instytutjezykowy.pl\/en\/wp-json\/wp\/v2\/pages\/2494","targetHints":{"allow":["GET"]}}],"collection":[{"href":"https:\/\/instytutjezykowy.pl\/en\/wp-json\/wp\/v2\/pages"}],"about":[{"href":"https:\/\/instytutjezykowy.pl\/en\/wp-json\/wp\/v2\/types\/page"}],"author":[{"embeddable":true,"href":"https:\/\/instytutjezykowy.pl\/en\/wp-json\/wp\/v2\/users\/2"}],"replies":[{"embeddable":true,"href":"https:\/\/instytutjezykowy.pl\/en\/wp-json\/wp\/v2\/comments?post=2494"}],"version-history":[{"count":9,"href":"https:\/\/instytutjezykowy.pl\/en\/wp-json\/wp\/v2\/pages\/2494\/revisions"}],"predecessor-version":[{"id":12464,"href":"https:\/\/instytutjezykowy.pl\/en\/wp-json\/wp\/v2\/pages\/2494\/revisions\/12464"}],"wp:attachment":[{"href":"https:\/\/instytutjezykowy.pl\/en\/wp-json\/wp\/v2\/media?parent=2494"}],"curies":[{"name":"wp","href":"https:\/\/api.w.org\/{rel}","templated":true}]}}